{"id":265,"date":"2025-09-27T22:12:55","date_gmt":"2025-09-27T22:12:55","guid":{"rendered":"https:\/\/www.demirhanhukukvearabuluculuk.com\/?page_id=265"},"modified":"2025-09-28T08:13:01","modified_gmt":"2025-09-28T08:13:01","slug":"tazminat-hukuku","status":"publish","type":"page","link":"https:\/\/www.demirhanhukukvearabuluculuk.com\/?page_id=265","title":{"rendered":"Tazminat Hukuku"},"content":{"rendered":"\t\t<div data-elementor-type=\"wp-page\" data-elementor-id=\"265\" class=\"elementor elementor-265\">\n\t\t\t\t\t\t<section class=\"elementor-section elementor-top-section elementor-element elementor-element-f97c163 elementor-section-full_width elementor-section-height-min-height elementor-section-height-default elementor-section-items-middle\" data-id=\"f97c163\" data-element_type=\"section\" data-settings=\"{&quot;background_background&quot;:&quot;classic&quot;}\">\n\t\t\t\t\t\t\t<div class=\"elementor-background-overlay\"><\/div>\n\t\t\t\t\t\t\t<div class=\"elementor-container elementor-column-gap-default\">\n\t\t\t\t\t<div class=\"elementor-column elementor-col-100 elementor-top-column elementor-element elementor-element-2af98bf elementor-hidden-mobile\" data-id=\"2af98bf\" data-element_type=\"column\">\n\t\t\t<div class=\"elementor-widget-wrap elementor-element-populated\">\n\t\t\t\t\t\t<div class=\"elementor-element elementor-element-81262ca animated-slow elementor-invisible elementor-widget elementor-widget-heading\" data-id=\"81262ca\" data-element_type=\"widget\" data-settings=\"{&quot;_animation&quot;:&quot;fadeIn&quot;}\" data-widget_type=\"heading.default\">\n\t\t\t\t<div class=\"elementor-widget-container\">\n\t\t\t\t\t<h2 class=\"elementor-heading-title elementor-size-default\">\u201cHukuk;&nbsp;hi\u00e7 kimse onu&nbsp;buland\u0131rmad\u0131\u011f\u0131 ve ihlal etmedi\u011fi s\u00fcrece teneff\u00fcs etti\u011fimiz hava gibi g\u00f6r\u00fcnmez&nbsp;ve tutulmaz bir \u015fekilde etraf\u0131m\u0131z\u0131 kaplar. Hukuk ancak kaybetti\u011fimizi&nbsp;anlad\u0131\u011f\u0131m\u0131z zaman de\u011ferinin fark\u0131na vard\u0131\u011f\u0131m\u0131z sa\u011fl\u0131k gibi sezilmez bir&nbsp;\u015feydir.\u201d&nbsp;<\/h2>\t\t\t\t<\/div>\n\t\t\t\t<\/div>\n\t\t\t\t<div class=\"elementor-element elementor-element-3167753 animated-slow elementor-invisible elementor-widget elementor-widget-heading\" data-id=\"3167753\" data-element_type=\"widget\" data-settings=\"{&quot;_animation&quot;:&quot;bounceIn&quot;}\" data-widget_type=\"heading.default\">\n\t\t\t\t<div class=\"elementor-widget-container\">\n\t\t\t\t\t<h2 class=\"elementor-heading-title elementor-size-default\">Pierre Calamanderi<\/h2>\t\t\t\t<\/div>\n\t\t\t\t<\/div>\n\t\t\t\t\t<\/div>\n\t\t<\/div>\n\t\t\t\t\t<\/div>\n\t\t<\/section>\n\t\t\t\t<section class=\"elementor-section elementor-top-section elementor-element elementor-element-0800e77 elementor-section-full_width elementor-section-height-default elementor-section-height-default\" data-id=\"0800e77\" data-element_type=\"section\" data-settings=\"{&quot;background_background&quot;:&quot;classic&quot;,&quot;shape_divider_bottom&quot;:&quot;triangle-asymmetrical&quot;,&quot;shape_divider_bottom_negative&quot;:&quot;yes&quot;}\">\n\t\t\t\t\t<div class=\"elementor-shape elementor-shape-bottom\" aria-hidden=\"true\" data-negative=\"true\">\n\t\t\t<svg xmlns=\"http:\/\/www.w3.org\/2000\/svg\" viewBox=\"0 0 1000 100\" preserveAspectRatio=\"none\">\n\t<path class=\"elementor-shape-fill\" d=\"M737.9,94.7L0,0v100h1000V0L737.9,94.7z\"\/>\n<\/svg>\t\t<\/div>\n\t\t\t\t\t<div class=\"elementor-container elementor-column-gap-no\">\n\t\t\t\t\t<div class=\"elementor-column elementor-col-100 elementor-top-column elementor-element elementor-element-937c3ab\" data-id=\"937c3ab\" data-element_type=\"column\">\n\t\t\t<div class=\"elementor-widget-wrap elementor-element-populated\">\n\t\t\t\t\t\t<div class=\"elementor-element elementor-element-baf6fa4 elementor-widget elementor-widget-image\" data-id=\"baf6fa4\" data-element_type=\"widget\" data-widget_type=\"image.default\">\n\t\t\t\t<div class=\"elementor-widget-container\">\n\t\t\t\t\t\t\t\t\t\t\t\t\t\t\t<img fetchpriority=\"high\" decoding=\"async\" width=\"768\" height=\"301\" src=\"https:\/\/www.demirhanhukukvearabuluculuk.com\/wp-content\/uploads\/2025\/09\/IMG-20250927-WA0016-768x301.jpg\" class=\"attachment-medium_large size-medium_large wp-image-31\" alt=\"\" srcset=\"https:\/\/www.demirhanhukukvearabuluculuk.com\/wp-content\/uploads\/2025\/09\/IMG-20250927-WA0016-768x301.jpg 768w, https:\/\/www.demirhanhukukvearabuluculuk.com\/wp-content\/uploads\/2025\/09\/IMG-20250927-WA0016-300x118.jpg 300w, https:\/\/www.demirhanhukukvearabuluculuk.com\/wp-content\/uploads\/2025\/09\/IMG-20250927-WA0016-1024x401.jpg 1024w, https:\/\/www.demirhanhukukvearabuluculuk.com\/wp-content\/uploads\/2025\/09\/IMG-20250927-WA0016.jpg 1200w\" sizes=\"(max-width: 768px) 100vw, 768px\" \/>\t\t\t\t\t\t\t\t\t\t\t\t\t\t\t<\/div>\n\t\t\t\t<\/div>\n\t\t\t\t<div class=\"elementor-element elementor-element-35d0823 animated-slow elementor-invisible elementor-widget elementor-widget-heading\" data-id=\"35d0823\" data-element_type=\"widget\" data-settings=\"{&quot;_animation&quot;:&quot;fadeIn&quot;}\" data-widget_type=\"heading.default\">\n\t\t\t\t<div class=\"elementor-widget-container\">\n\t\t\t\t\t<h2 class=\"elementor-heading-title elementor-size-default\">tazminat hukuku<\/h2>\t\t\t\t<\/div>\n\t\t\t\t<\/div>\n\t\t\t\t<div class=\"elementor-element elementor-element-f8ff6ae animated-slow elementor-widget-divider--view-line elementor-invisible elementor-widget elementor-widget-divider\" data-id=\"f8ff6ae\" data-element_type=\"widget\" data-settings=\"{&quot;_animation&quot;:&quot;fadeIn&quot;}\" data-widget_type=\"divider.default\">\n\t\t\t\t<div class=\"elementor-widget-container\">\n\t\t\t\t\t\t\t<div class=\"elementor-divider\">\n\t\t\t<span class=\"elementor-divider-separator\">\n\t\t\t\t\t\t<\/span>\n\t\t<\/div>\n\t\t\t\t\t\t<\/div>\n\t\t\t\t<\/div>\n\t\t\t\t<div class=\"elementor-element elementor-element-11aa7fb elementor-widget elementor-widget-text-editor\" data-id=\"11aa7fb\" data-element_type=\"widget\" data-widget_type=\"text-editor.default\">\n\t\t\t\t<div class=\"elementor-widget-container\">\n\t\t\t\t\t\t\t\t\t<p>Tazminat hukuku, genellikle hukuka ayk\u0131r\u0131 eylemlerden kaynaklanan tazminat anla\u015fmazl\u0131klar\u0131n\u0131 konu almaktad\u0131r. Genel olarak tazminat davalar\u0131 maddi ve manevi tazminat davas\u0131 olarak ikiye ayr\u0131lmaktad\u0131r.<br \/>Maddi tazminat davas\u0131, \u00f6l\u00fcm sebebiyle destekten yoksun kalma, maluliyet ve i\u015fg\u00fcc\u00fc kayb\u0131 gibi bedensel zararlardan kaynaklanabilece\u011fi gibi malvarl\u0131\u011f\u0131 de\u011ferlerinin zarar g\u00f6rmesinden de kaynaklanabilir.<br \/>Manevi tazminat davas\u0131, haks\u0131z bir fiil veya i\u015flem nedeniyle ki\u015finin u\u011fram\u0131\u015f oldu\u011fu manevi huzursuzluk, ac\u0131 ve \u0131zd\u0131rap kar\u015f\u0131l\u0131\u011f\u0131nda bir miktar paran\u0131n \u00f6denmesi talebiyle a\u00e7\u0131lan davad\u0131r. <br \/>Maddi ve manevi tazminat davas\u0131; bor\u00e7lar hukukundan kaynaklanan s\u00f6zle\u015fmenin ihlali, trafik kazas\u0131 neticesinde yaralanma veya \u00f6l\u00fcm, doktor uygulama hatas\u0131 (malpraktis) sonucu \u00f6l\u00fcm, i\u015f hukukundan kaynaklanan ihbar veya k\u0131dem tazminat\u0131, i\u015f kazas\u0131 sonucu yaralanma veya \u00f6l\u00fcm, su\u00e7 i\u015flenmesi, bo\u015fanma davas\u0131 gibi birbirinden tamamen farkl\u0131 hukuki nedenlerden kaynaklanan uyu\u015fmazl\u0131klar\u0131 \u00e7\u00f6zen bir dava t\u00fcr\u00fcd\u00fcr.<\/p>\t\t\t\t\t\t\t\t<\/div>\n\t\t\t\t<\/div>\n\t\t\t\t\t<\/div>\n\t\t<\/div>\n\t\t\t\t\t<\/div>\n\t\t<\/section>\n\t\t\t\t<\/div>\n\t\t","protected":false},"excerpt":{"rendered":"<p>\u201cHukuk;&nbsp;hi\u00e7 kimse onu&nbsp;buland\u0131rmad\u0131\u011f\u0131 ve ihlal etmedi\u011fi s\u00fcrece teneff\u00fcs etti\u011fimiz hava gibi g\u00f6r\u00fcnmez&nbsp;ve tutulmaz bir \u015fekilde etraf\u0131m\u0131z\u0131 kaplar. Hukuk ancak kaybetti\u011fimizi&nbsp;anlad\u0131\u011f\u0131m\u0131z [&hellip;]<\/p>\n","protected":false},"author":1,"featured_media":0,"parent":0,"menu_order":0,"comment_status":"closed","ping_status":"closed","template":"","meta":{"site-sidebar-layout":"no-sidebar","site-content-layout":"","ast-site-content-layout":"full-width-container","site-content-style":"default","site-sidebar-style":"default","ast-global-header-display":"","ast-banner-title-visibility":"","ast-main-header-display":"","ast-hfb-above-header-display":"","ast-hfb-below-header-display":"","ast-hfb-mobile-header-display":"","site-post-title":"disabled","ast-breadcrumbs-content":"","ast-featured-img":"disabled","footer-sml-layout":"","theme-transparent-header-meta":"default","adv-header-id-meta":"","stick-header-meta":"","header-above-stick-meta":"","header-main-stick-meta":"","header-below-stick-meta":"","astra-migrate-meta-layouts":"set","ast-page-background-enabled":"default","ast-page-background-meta":{"desktop":{"background-color":"var(--ast-global-color-5)","background-image":"","background-repeat":"repeat","background-position":"center center","background-size":"auto","background-attachment":"scroll","background-type":"","background-media":"","overlay-type":"","overlay-color":"","overlay-opacity":"","overlay-gradient":""},"tablet":{"background-color":"","background-image":"","background-repeat":"repeat","background-position":"center center","background-size":"auto","background-attachment":"scroll","background-type":"","background-media":"","overlay-type":"","overlay-color":"","overlay-opacity":"","overlay-gradient":""},"mobile":{"background-color":"","background-image":"","background-repeat":"repeat","background-position":"center center","background-size":"auto","background-attachment":"scroll","background-type":"","background-media":"","overlay-type":"","overlay-color":"","overlay-opacity":"","overlay-gradient":""}},"ast-content-background-meta":{"desktop":{"background-color":"var(--ast-global-color-4)","background-image":"","background-repeat":"repeat","background-position":"center center","background-size":"auto","background-attachment":"scroll","background-type":"","background-media":"","overlay-type":"","overlay-color":"","overlay-opacity":"","overlay-gradient":""},"tablet":{"background-color":"var(--ast-global-color-4)","background-image":"","background-repeat":"repeat","background-position":"center center","background-size":"auto","background-attachment":"scroll","background-type":"","background-media":"","overlay-type":"","overlay-color":"","overlay-opacity":"","overlay-gradient":""},"mobile":{"background-color":"var(--ast-global-color-4)","background-image":"","background-repeat":"repeat","background-position":"center center","background-size":"auto","background-attachment":"scroll","background-type":"","background-media":"","overlay-type":"","overlay-color":"","overlay-opacity":"","overlay-gradient":""}},"footnotes":""},"class_list":["post-265","page","type-page","status-publish","hentry"],"_links":{"self":[{"href":"https:\/\/www.demirhanhukukvearabuluculuk.com\/index.php?rest_route=\/wp\/v2\/pages\/265","targetHints":{"allow":["GET"]}}],"collection":[{"href":"https:\/\/www.demirhanhukukvearabuluculuk.com\/index.php?rest_route=\/wp\/v2\/pages"}],"about":[{"href":"https:\/\/www.demirhanhukukvearabuluculuk.com\/index.php?rest_route=\/wp\/v2\/types\/page"}],"author":[{"embeddable":true,"href":"https:\/\/www.demirhanhukukvearabuluculuk.com\/index.php?rest_route=\/wp\/v2\/users\/1"}],"replies":[{"embeddable":true,"href":"https:\/\/www.demirhanhukukvearabuluculuk.com\/index.php?rest_route=%2Fwp%2Fv2%2Fcomments&post=265"}],"version-history":[{"count":7,"href":"https:\/\/www.demirhanhukukvearabuluculuk.com\/index.php?rest_route=\/wp\/v2\/pages\/265\/revisions"}],"predecessor-version":[{"id":443,"href":"https:\/\/www.demirhanhukukvearabuluculuk.com\/index.php?rest_route=\/wp\/v2\/pages\/265\/revisions\/443"}],"wp:attachment":[{"href":"https:\/\/www.demirhanhukukvearabuluculuk.com\/index.php?rest_route=%2Fwp%2Fv2%2Fmedia&parent=265"}],"curies":[{"name":"wp","href":"https:\/\/api.w.org\/{rel}","templated":true}]}}