{"id":263,"date":"2025-09-27T22:13:03","date_gmt":"2025-09-27T22:13:03","guid":{"rendered":"https:\/\/www.demirhanhukukvearabuluculuk.com\/?page_id=263"},"modified":"2025-09-28T08:12:51","modified_gmt":"2025-09-28T08:12:51","slug":"saglik-hukuku","status":"publish","type":"page","link":"https:\/\/www.demirhanhukukvearabuluculuk.com\/?page_id=263","title":{"rendered":"Sa\u011fl\u0131k Hukuku"},"content":{"rendered":"\t\t<div data-elementor-type=\"wp-page\" data-elementor-id=\"263\" class=\"elementor elementor-263\">\n\t\t\t\t\t\t<section class=\"elementor-section elementor-top-section elementor-element elementor-element-24d66bf elementor-section-full_width elementor-section-height-min-height elementor-section-height-default elementor-section-items-middle\" data-id=\"24d66bf\" data-element_type=\"section\" data-settings=\"{&quot;background_background&quot;:&quot;classic&quot;}\">\n\t\t\t\t\t\t\t<div class=\"elementor-background-overlay\"><\/div>\n\t\t\t\t\t\t\t<div class=\"elementor-container elementor-column-gap-default\">\n\t\t\t\t\t<div class=\"elementor-column elementor-col-100 elementor-top-column elementor-element elementor-element-471a89a elementor-hidden-mobile\" data-id=\"471a89a\" data-element_type=\"column\">\n\t\t\t<div class=\"elementor-widget-wrap elementor-element-populated\">\n\t\t\t\t\t\t<div class=\"elementor-element elementor-element-29b6a09 animated-slow elementor-invisible elementor-widget elementor-widget-heading\" data-id=\"29b6a09\" data-element_type=\"widget\" data-settings=\"{&quot;_animation&quot;:&quot;fadeIn&quot;}\" data-widget_type=\"heading.default\">\n\t\t\t\t<div class=\"elementor-widget-container\">\n\t\t\t\t\t<h2 class=\"elementor-heading-title elementor-size-default\">\u201cHukuk;&nbsp;hi\u00e7 kimse onu&nbsp;buland\u0131rmad\u0131\u011f\u0131 ve ihlal etmedi\u011fi s\u00fcrece teneff\u00fcs etti\u011fimiz hava gibi g\u00f6r\u00fcnmez&nbsp;ve tutulmaz bir \u015fekilde etraf\u0131m\u0131z\u0131 kaplar. Hukuk ancak kaybetti\u011fimizi&nbsp;anlad\u0131\u011f\u0131m\u0131z zaman de\u011ferinin fark\u0131na vard\u0131\u011f\u0131m\u0131z sa\u011fl\u0131k gibi sezilmez bir&nbsp;\u015feydir.\u201d&nbsp;<\/h2>\t\t\t\t<\/div>\n\t\t\t\t<\/div>\n\t\t\t\t<div class=\"elementor-element elementor-element-971bdff animated-slow elementor-invisible elementor-widget elementor-widget-heading\" data-id=\"971bdff\" data-element_type=\"widget\" data-settings=\"{&quot;_animation&quot;:&quot;bounceIn&quot;}\" data-widget_type=\"heading.default\">\n\t\t\t\t<div class=\"elementor-widget-container\">\n\t\t\t\t\t<h2 class=\"elementor-heading-title elementor-size-default\">Pierre Calamanderi<\/h2>\t\t\t\t<\/div>\n\t\t\t\t<\/div>\n\t\t\t\t\t<\/div>\n\t\t<\/div>\n\t\t\t\t\t<\/div>\n\t\t<\/section>\n\t\t\t\t<section class=\"elementor-section elementor-top-section elementor-element elementor-element-10bff4a elementor-section-full_width elementor-section-height-default elementor-section-height-default\" data-id=\"10bff4a\" data-element_type=\"section\" data-settings=\"{&quot;background_background&quot;:&quot;classic&quot;,&quot;shape_divider_bottom&quot;:&quot;triangle-asymmetrical&quot;,&quot;shape_divider_bottom_negative&quot;:&quot;yes&quot;}\">\n\t\t\t\t\t<div class=\"elementor-shape elementor-shape-bottom\" aria-hidden=\"true\" data-negative=\"true\">\n\t\t\t<svg xmlns=\"http:\/\/www.w3.org\/2000\/svg\" viewBox=\"0 0 1000 100\" preserveAspectRatio=\"none\">\n\t<path class=\"elementor-shape-fill\" d=\"M737.9,94.7L0,0v100h1000V0L737.9,94.7z\"\/>\n<\/svg>\t\t<\/div>\n\t\t\t\t\t<div class=\"elementor-container elementor-column-gap-no\">\n\t\t\t\t\t<div class=\"elementor-column elementor-col-100 elementor-top-column elementor-element elementor-element-1193944\" data-id=\"1193944\" data-element_type=\"column\">\n\t\t\t<div class=\"elementor-widget-wrap elementor-element-populated\">\n\t\t\t\t\t\t<div class=\"elementor-element elementor-element-8d1aa31 elementor-widget elementor-widget-image\" data-id=\"8d1aa31\" data-element_type=\"widget\" data-widget_type=\"image.default\">\n\t\t\t\t<div class=\"elementor-widget-container\">\n\t\t\t\t\t\t\t\t\t\t\t\t\t\t\t<img fetchpriority=\"high\" decoding=\"async\" width=\"768\" height=\"358\" src=\"https:\/\/www.demirhanhukukvearabuluculuk.com\/wp-content\/uploads\/2025\/09\/IMG-20250927-WA0005-768x358.jpg\" class=\"attachment-medium_large size-medium_large wp-image-20\" alt=\"\" srcset=\"https:\/\/www.demirhanhukukvearabuluculuk.com\/wp-content\/uploads\/2025\/09\/IMG-20250927-WA0005-768x358.jpg 768w, https:\/\/www.demirhanhukukvearabuluculuk.com\/wp-content\/uploads\/2025\/09\/IMG-20250927-WA0005-300x140.jpg 300w, https:\/\/www.demirhanhukukvearabuluculuk.com\/wp-content\/uploads\/2025\/09\/IMG-20250927-WA0005-1024x478.jpg 1024w, https:\/\/www.demirhanhukukvearabuluculuk.com\/wp-content\/uploads\/2025\/09\/IMG-20250927-WA0005.jpg 1153w\" sizes=\"(max-width: 768px) 100vw, 768px\" \/>\t\t\t\t\t\t\t\t\t\t\t\t\t\t\t<\/div>\n\t\t\t\t<\/div>\n\t\t\t\t<div class=\"elementor-element elementor-element-bee9f84 animated-slow elementor-invisible elementor-widget elementor-widget-heading\" data-id=\"bee9f84\" data-element_type=\"widget\" data-settings=\"{&quot;_animation&quot;:&quot;fadeIn&quot;}\" data-widget_type=\"heading.default\">\n\t\t\t\t<div class=\"elementor-widget-container\">\n\t\t\t\t\t<h2 class=\"elementor-heading-title elementor-size-default\">sa\u011fl\u0131k hukuku<\/h2>\t\t\t\t<\/div>\n\t\t\t\t<\/div>\n\t\t\t\t<div class=\"elementor-element elementor-element-a84edd3 animated-slow elementor-widget-divider--view-line elementor-invisible elementor-widget elementor-widget-divider\" data-id=\"a84edd3\" data-element_type=\"widget\" data-settings=\"{&quot;_animation&quot;:&quot;fadeIn&quot;}\" data-widget_type=\"divider.default\">\n\t\t\t\t<div class=\"elementor-widget-container\">\n\t\t\t\t\t\t\t<div class=\"elementor-divider\">\n\t\t\t<span class=\"elementor-divider-separator\">\n\t\t\t\t\t\t<\/span>\n\t\t<\/div>\n\t\t\t\t\t\t<\/div>\n\t\t\t\t<\/div>\n\t\t\t\t<div class=\"elementor-element elementor-element-e11529e elementor-widget elementor-widget-text-editor\" data-id=\"e11529e\" data-element_type=\"widget\" data-widget_type=\"text-editor.default\">\n\t\t\t\t<div class=\"elementor-widget-container\">\n\t\t\t\t\t\t\t\t\t<p>Sa\u011fl\u0131k hukuku hasta ve sa\u011fl\u0131k personelleri aras\u0131ndaki ili\u015fkiyi, yap\u0131lan m\u00fcdahaleleri ve bunlardan do\u011fan hukuki ve cezai sorumluklar\u0131, \u00f6te yandan \u00f6zel hastanelerin sorumlulu\u011fundan do\u011fan uyu\u015fmazl\u0131klara \u00e7\u00f6z\u00fcm bulan hukuk dal\u0131d\u0131r. Sa\u011fl\u0131k hukuku alan\u0131ndaki ba\u015fl\u0131ca uyu\u015fmazl\u0131klar \u015funlard\u0131r:<\/p><ul><li>Hatal\u0131 t\u0131bbi m\u00fcdahale ve tedavilerden do\u011fan (Malpraktis )tazminat davalar\u0131<\/li><li>Sa\u011fl\u0131k kurulu\u015flar\u0131na hukuki dan\u0131\u015fmanl\u0131k<\/li><li>\u00d6zel Hastanelerin Hukuki Sorumlulu\u011fu<\/li><li>Hasta ve Hekimin Haklar\u0131<\/li><li>Di\u015f Hekiminin Sorumlulu\u011fu<\/li><li>T\u0131bbi M\u00fcdahaleden Do\u011fan Hukuki ve Cezai Sorumluluk<\/li><li>\u00d6zel Hastanelere Kesilen \u0130dari Para Cezalar\u0131<\/li><li>Sa\u011fl\u0131k \u00c7al\u0131\u015fanlar\u0131na Y\u00f6nelik Ger\u00e7ekle\u015fen Hukuka Ayk\u0131r\u0131 Eylemlerden Dolay\u0131 Ceza Davalar\u0131<\/li><\/ul>\t\t\t\t\t\t\t\t<\/div>\n\t\t\t\t<\/div>\n\t\t\t\t\t<\/div>\n\t\t<\/div>\n\t\t\t\t\t<\/div>\n\t\t<\/section>\n\t\t\t\t<\/div>\n\t\t","protected":false},"excerpt":{"rendered":"<p>\u201cHukuk;&nbsp;hi\u00e7 kimse onu&nbsp;buland\u0131rmad\u0131\u011f\u0131 ve ihlal etmedi\u011fi s\u00fcrece teneff\u00fcs etti\u011fimiz hava gibi g\u00f6r\u00fcnmez&nbsp;ve tutulmaz bir \u015fekilde etraf\u0131m\u0131z\u0131 kaplar. Hukuk ancak kaybetti\u011fimizi&nbsp;anlad\u0131\u011f\u0131m\u0131z [&hellip;]<\/p>\n","protected":false},"author":1,"featured_media":0,"parent":0,"menu_order":0,"comment_status":"closed","ping_status":"closed","template":"","meta":{"site-sidebar-layout":"no-sidebar","site-content-layout":"","ast-site-content-layout":"full-width-container","site-content-style":"default","site-sidebar-style":"default","ast-global-header-display":"","ast-banner-title-visibility":"","ast-main-header-display":"","ast-hfb-above-header-display":"","ast-hfb-below-header-display":"","ast-hfb-mobile-header-display":"","site-post-title":"disabled","ast-breadcrumbs-content":"","ast-featured-img":"disabled","footer-sml-layout":"","theme-transparent-header-meta":"default","adv-header-id-meta":"","stick-header-meta":"","header-above-stick-meta":"","header-main-stick-meta":"","header-below-stick-meta":"","astra-migrate-meta-layouts":"set","ast-page-background-enabled":"default","ast-page-background-meta":{"desktop":{"background-color":"var(--ast-global-color-5)","background-image":"","background-repeat":"repeat","background-position":"center center","background-size":"auto","background-attachment":"scroll","background-type":"","background-media":"","overlay-type":"","overlay-color":"","overlay-opacity":"","overlay-gradient":""},"tablet":{"background-color":"","background-image":"","background-repeat":"repeat","background-position":"center center","background-size":"auto","background-attachment":"scroll","background-type":"","background-media":"","overlay-type":"","overlay-color":"","overlay-opacity":"","overlay-gradient":""},"mobile":{"background-color":"","background-image":"","background-repeat":"repeat","background-position":"center center","background-size":"auto","background-attachment":"scroll","background-type":"","background-media":"","overlay-type":"","overlay-color":"","overlay-opacity":"","overlay-gradient":""}},"ast-content-background-meta":{"desktop":{"background-color":"var(--ast-global-color-4)","background-image":"","background-repeat":"repeat","background-position":"center center","background-size":"auto","background-attachment":"scroll","background-type":"","background-media":"","overlay-type":"","overlay-color":"","overlay-opacity":"","overlay-gradient":""},"tablet":{"background-color":"var(--ast-global-color-4)","background-image":"","background-repeat":"repeat","background-position":"center center","background-size":"auto","background-attachment":"scroll","background-type":"","background-media":"","overlay-type":"","overlay-color":"","overlay-opacity":"","overlay-gradient":""},"mobile":{"background-color":"var(--ast-global-color-4)","background-image":"","background-repeat":"repeat","background-position":"center center","background-size":"auto","background-attachment":"scroll","background-type":"","background-media":"","overlay-type":"","overlay-color":"","overlay-opacity":"","overlay-gradient":""}},"footnotes":""},"class_list":["post-263","page","type-page","status-publish","hentry"],"_links":{"self":[{"href":"https:\/\/www.demirhanhukukvearabuluculuk.com\/index.php?rest_route=\/wp\/v2\/pages\/263","targetHints":{"allow":["GET"]}}],"collection":[{"href":"https:\/\/www.demirhanhukukvearabuluculuk.com\/index.php?rest_route=\/wp\/v2\/pages"}],"about":[{"href":"https:\/\/www.demirhanhukukvearabuluculuk.com\/index.php?rest_route=\/wp\/v2\/types\/page"}],"author":[{"embeddable":true,"href":"https:\/\/www.demirhanhukukvearabuluculuk.com\/index.php?rest_route=\/wp\/v2\/users\/1"}],"replies":[{"embeddable":true,"href":"https:\/\/www.demirhanhukukvearabuluculuk.com\/index.php?rest_route=%2Fwp%2Fv2%2Fcomments&post=263"}],"version-history":[{"count":8,"href":"https:\/\/www.demirhanhukukvearabuluculuk.com\/index.php?rest_route=\/wp\/v2\/pages\/263\/revisions"}],"predecessor-version":[{"id":437,"href":"https:\/\/www.demirhanhukukvearabuluculuk.com\/index.php?rest_route=\/wp\/v2\/pages\/263\/revisions\/437"}],"wp:attachment":[{"href":"https:\/\/www.demirhanhukukvearabuluculuk.com\/index.php?rest_route=%2Fwp%2Fv2%2Fmedia&parent=263"}],"curies":[{"name":"wp","href":"https:\/\/api.w.org\/{rel}","templated":true}]}}