{"id":173,"date":"2025-09-27T21:32:01","date_gmt":"2025-09-27T21:32:01","guid":{"rendered":"https:\/\/www.demirhanhukukvearabuluculuk.com\/?page_id=173"},"modified":"2025-09-28T10:45:23","modified_gmt":"2025-09-28T10:45:23","slug":"hakkimizda","status":"publish","type":"page","link":"https:\/\/www.demirhanhukukvearabuluculuk.com\/?page_id=173","title":{"rendered":"Hakk\u0131m\u0131zda"},"content":{"rendered":"\t\t<div data-elementor-type=\"wp-page\" data-elementor-id=\"173\" class=\"elementor elementor-173\">\n\t\t\t\t\t\t<section class=\"elementor-section elementor-top-section elementor-element elementor-element-2400037 elementor-section-full_width elementor-section-height-min-height elementor-section-height-default elementor-section-items-middle\" data-id=\"2400037\" data-element_type=\"section\" data-settings=\"{&quot;background_background&quot;:&quot;classic&quot;}\">\n\t\t\t\t\t\t\t<div class=\"elementor-background-overlay\"><\/div>\n\t\t\t\t\t\t\t<div class=\"elementor-container elementor-column-gap-default\">\n\t\t\t\t\t<div class=\"elementor-column elementor-col-100 elementor-top-column elementor-element elementor-element-f1f824e elementor-hidden-mobile\" data-id=\"f1f824e\" data-element_type=\"column\">\n\t\t\t<div class=\"elementor-widget-wrap elementor-element-populated\">\n\t\t\t\t\t\t<div class=\"elementor-element elementor-element-0abd63b animated-slow elementor-invisible elementor-widget elementor-widget-heading\" data-id=\"0abd63b\" data-element_type=\"widget\" data-settings=\"{&quot;_animation&quot;:&quot;fadeIn&quot;}\" data-widget_type=\"heading.default\">\n\t\t\t\t<div class=\"elementor-widget-container\">\n\t\t\t\t\t<h2 class=\"elementor-heading-title elementor-size-default\">\u201cHukuk;&nbsp;hi\u00e7 kimse onu&nbsp;buland\u0131rmad\u0131\u011f\u0131 ve ihlal etmedi\u011fi s\u00fcrece teneff\u00fcs etti\u011fimiz hava gibi g\u00f6r\u00fcnmez&nbsp;ve tutulmaz bir \u015fekilde etraf\u0131m\u0131z\u0131 kaplar. Hukuk ancak kaybetti\u011fimizi&nbsp;anlad\u0131\u011f\u0131m\u0131z zaman de\u011ferinin fark\u0131na vard\u0131\u011f\u0131m\u0131z sa\u011fl\u0131k gibi sezilmez bir&nbsp;\u015feydir.\u201d&nbsp;<\/h2>\t\t\t\t<\/div>\n\t\t\t\t<\/div>\n\t\t\t\t<div class=\"elementor-element elementor-element-93666ed animated-slow elementor-invisible elementor-widget elementor-widget-heading\" data-id=\"93666ed\" data-element_type=\"widget\" data-settings=\"{&quot;_animation&quot;:&quot;bounceIn&quot;}\" data-widget_type=\"heading.default\">\n\t\t\t\t<div class=\"elementor-widget-container\">\n\t\t\t\t\t<h2 class=\"elementor-heading-title elementor-size-default\">Pierre Calamanderi<\/h2>\t\t\t\t<\/div>\n\t\t\t\t<\/div>\n\t\t\t\t\t<\/div>\n\t\t<\/div>\n\t\t\t\t\t<\/div>\n\t\t<\/section>\n\t\t\t\t<section class=\"elementor-section elementor-top-section elementor-element elementor-element-cf11cf4 elementor-section-full_width elementor-section-height-default elementor-section-height-default\" data-id=\"cf11cf4\" data-element_type=\"section\" data-settings=\"{&quot;shape_divider_bottom&quot;:&quot;triangle-asymmetrical&quot;,&quot;shape_divider_bottom_negative&quot;:&quot;yes&quot;}\">\n\t\t\t\t\t\t\t<div class=\"elementor-background-overlay\"><\/div>\n\t\t\t\t\t\t<div class=\"elementor-shape elementor-shape-bottom\" aria-hidden=\"true\" data-negative=\"true\">\n\t\t\t<svg xmlns=\"http:\/\/www.w3.org\/2000\/svg\" viewBox=\"0 0 1000 100\" preserveAspectRatio=\"none\">\n\t<path class=\"elementor-shape-fill\" d=\"M737.9,94.7L0,0v100h1000V0L737.9,94.7z\"\/>\n<\/svg>\t\t<\/div>\n\t\t\t\t\t<div class=\"elementor-container elementor-column-gap-default\">\n\t\t\t\t\t<div class=\"elementor-column elementor-col-100 elementor-top-column elementor-element elementor-element-77218e6\" data-id=\"77218e6\" data-element_type=\"column\">\n\t\t\t<div class=\"elementor-widget-wrap elementor-element-populated\">\n\t\t\t\t\t\t<section class=\"elementor-section elementor-inner-section elementor-element elementor-element-b245b41 elementor-section-full_width elementor-section-height-default elementor-section-height-default\" data-id=\"b245b41\" data-element_type=\"section\">\n\t\t\t\t\t\t<div class=\"elementor-container elementor-column-gap-default\">\n\t\t\t\t\t<div class=\"elementor-column elementor-col-50 elementor-inner-column elementor-element elementor-element-d56c882\" data-id=\"d56c882\" data-element_type=\"column\">\n\t\t\t<div class=\"elementor-widget-wrap elementor-element-populated\">\n\t\t\t\t\t\t<div class=\"elementor-element elementor-element-74d8c22 animated-slow elementor-invisible elementor-widget elementor-widget-heading\" data-id=\"74d8c22\" data-element_type=\"widget\" data-settings=\"{&quot;_animation&quot;:&quot;fadeIn&quot;}\" data-widget_type=\"heading.default\">\n\t\t\t\t<div class=\"elementor-widget-container\">\n\t\t\t\t\t<h2 class=\"elementor-heading-title elementor-size-default\">Hakk\u0131m\u0131zda<\/h2>\t\t\t\t<\/div>\n\t\t\t\t<\/div>\n\t\t\t\t<div class=\"elementor-element elementor-element-3dddc49 animated-slow elementor-widget-divider--view-line elementor-invisible elementor-widget elementor-widget-divider\" data-id=\"3dddc49\" data-element_type=\"widget\" data-settings=\"{&quot;_animation&quot;:&quot;fadeIn&quot;}\" data-widget_type=\"divider.default\">\n\t\t\t\t<div class=\"elementor-widget-container\">\n\t\t\t\t\t\t\t<div class=\"elementor-divider\">\n\t\t\t<span class=\"elementor-divider-separator\">\n\t\t\t\t\t\t<\/span>\n\t\t<\/div>\n\t\t\t\t\t\t<\/div>\n\t\t\t\t<\/div>\n\t\t\t\t<div class=\"elementor-element elementor-element-44636fc animated-slow elementor-invisible elementor-widget elementor-widget-heading\" data-id=\"44636fc\" data-element_type=\"widget\" data-settings=\"{&quot;_animation&quot;:&quot;fadeInLeft&quot;}\" data-widget_type=\"heading.default\">\n\t\t\t\t<div class=\"elementor-widget-container\">\n\t\t\t\t\t<h2 class=\"elementor-heading-title elementor-size-default\">Demirhan Hukuk ve Arabuluculuk B\u00fcrosu\u2019nun kurucusu olan Avukat Ayd\u0131n Demirhan; 2008 Y\u0131l\u0131nda Marmara \u00dcniversitesi Hukuk Fak\u00fcltesinden mezun olduktan sonra Avukatl\u0131k Staj\u0131n\u0131 \u0130stanbul Barosunda ba\u015flatm\u0131\u015f ve ayn\u0131 baroda tamamlayarak  2010 Y\u0131l\u0131nda Avukatl\u0131k ruhsat\u0131n\u0131 almaya hak kazanm\u0131\u015ft\u0131r. Mesle\u011fin ilk y\u0131llar\u0131nda farkl\u0131 hukuk b\u00fcrolar\u0131nda \u00e7al\u0131\u015f\u0131p gerekli mesleki tecr\u00fcbe edindikten sonra, 2014 y\u0131l\u0131ndan itibaren kendi ofisini kurmu\u015f ve ba\u011f\u0131ms\u0131z olarak \u00e7al\u0131\u015fmaya ba\u015flam\u0131\u015ft\u0131r. Kurulduktan \u00e7ok k\u0131sa bir s\u00fcre i\u00e7erisinde geni\u015f bir m\u00fcvekkil portf\u00f6yine ula\u015fm\u0131\u015ft\u0131r. Demirhan Hukuk ve Arabuluculuk B\u00fcrosu, \u00e7e\u015fitli sekt\u00f6rlerde faaliyet g\u00f6steren, yerli ve yabanc\u0131  ki\u015fi, kurum ve kurulu\u015flara hukuki dan\u0131\u015fmanl\u0131k ve arabuluculuk hizmeti vermektedir. Demirhan Hukuk ve Arabuluculuk B\u00fcrosu olarak \u00f6nceli\u011fimiz m\u00fcvekkillerimizin haklar\u0131n\u0131 en \u00fcst derecede korumakt\u0131r. Bu itibarla sekt\u00f6rel bazda meydana gelen yenilikleri ve teknolojik geli\u015fmeleri b\u00fcromuz yak\u0131ndan takip etmektedir. Yine b\u00fcromuz alternatif uyu\u015fmazl\u0131k \u00e7\u00f6z\u00fcm yollar\u0131n\u0131 \u00f6nemsemekte olup, bu yollardan biri olan arabuluculu\u011fu etkin bir \u015fekilde tavsiye etmekte ve kullanmaktad\u0131r.   Demirhan Hukuk ve Arabuluculuk B\u00fcrosu \u00f6zellikle \u0130\u015f Hukuku, Ticaret Hukuku, T\u00fcketici Hukuku, Sa\u011fl\u0131k Hukuku, Tazminat Hukuku ve Arabuluculuk ba\u015fta olmak \u00fczere hukukun t\u00fcm alanlar\u0131nda hizmet vermektedir.<\/h2>\t\t\t\t<\/div>\n\t\t\t\t<\/div>\n\t\t\t\t\t<\/div>\n\t\t<\/div>\n\t\t\t\t<div class=\"elementor-column elementor-col-50 elementor-inner-column elementor-element elementor-element-517888c\" data-id=\"517888c\" data-element_type=\"column\">\n\t\t\t<div class=\"elementor-widget-wrap elementor-element-populated\">\n\t\t\t\t\t\t<div class=\"elementor-element elementor-element-55db908 animated-slow elementor-invisible elementor-widget elementor-widget-image\" data-id=\"55db908\" data-element_type=\"widget\" data-settings=\"{&quot;_animation&quot;:&quot;fadeInRight&quot;}\" data-widget_type=\"image.default\">\n\t\t\t\t<div class=\"elementor-widget-container\">\n\t\t\t\t\t\t\t\t\t\t\t\t\t\t\t<img fetchpriority=\"high\" decoding=\"async\" width=\"1024\" height=\"429\" src=\"https:\/\/www.demirhanhukukvearabuluculuk.com\/wp-content\/uploads\/2025\/09\/DEMIRHAN-HUKUK-LOGO-TESLIM--1024x429.png\" class=\"attachment-large size-large wp-image-40\" alt=\"\" srcset=\"https:\/\/www.demirhanhukukvearabuluculuk.com\/wp-content\/uploads\/2025\/09\/DEMIRHAN-HUKUK-LOGO-TESLIM--1024x429.png 1024w, https:\/\/www.demirhanhukukvearabuluculuk.com\/wp-content\/uploads\/2025\/09\/DEMIRHAN-HUKUK-LOGO-TESLIM--300x126.png 300w, https:\/\/www.demirhanhukukvearabuluculuk.com\/wp-content\/uploads\/2025\/09\/DEMIRHAN-HUKUK-LOGO-TESLIM--768x322.png 768w, https:\/\/www.demirhanhukukvearabuluculuk.com\/wp-content\/uploads\/2025\/09\/DEMIRHAN-HUKUK-LOGO-TESLIM--1536x643.png 1536w, https:\/\/www.demirhanhukukvearabuluculuk.com\/wp-content\/uploads\/2025\/09\/DEMIRHAN-HUKUK-LOGO-TESLIM--2048x857.png 2048w\" sizes=\"(max-width: 1024px) 100vw, 1024px\" \/>\t\t\t\t\t\t\t\t\t\t\t\t\t\t\t<\/div>\n\t\t\t\t<\/div>\n\t\t\t\t\t<\/div>\n\t\t<\/div>\n\t\t\t\t\t<\/div>\n\t\t<\/section>\n\t\t\t\t\t<\/div>\n\t\t<\/div>\n\t\t\t\t\t<\/div>\n\t\t<\/section>\n\t\t\t\t<\/div>\n\t\t","protected":false},"excerpt":{"rendered":"<p>\u201cHukuk;&nbsp;hi\u00e7 kimse onu&nbsp;buland\u0131rmad\u0131\u011f\u0131 ve ihlal etmedi\u011fi s\u00fcrece teneff\u00fcs etti\u011fimiz hava gibi g\u00f6r\u00fcnmez&nbsp;ve tutulmaz bir \u015fekilde etraf\u0131m\u0131z\u0131 kaplar. Hukuk ancak kaybetti\u011fimizi&nbsp;anlad\u0131\u011f\u0131m\u0131z [&hellip;]<\/p>\n","protected":false},"author":1,"featured_media":0,"parent":0,"menu_order":0,"comment_status":"closed","ping_status":"closed","template":"","meta":{"site-sidebar-layout":"no-sidebar","site-content-layout":"","ast-site-content-layout":"full-width-container","site-content-style":"default","site-sidebar-style":"default","ast-global-header-display":"","ast-banner-title-visibility":"","ast-main-header-display":"","ast-hfb-above-header-display":"","ast-hfb-below-header-display":"","ast-hfb-mobile-header-display":"","site-post-title":"disabled","ast-breadcrumbs-content":"","ast-featured-img":"disabled","footer-sml-layout":"","theme-transparent-header-meta":"default","adv-header-id-meta":"","stick-header-meta":"","header-above-stick-meta":"","header-main-stick-meta":"","header-below-stick-meta":"","astra-migrate-meta-layouts":"set","ast-page-background-enabled":"default","ast-page-background-meta":{"desktop":{"background-color":"var(--ast-global-color-5)","background-image":"","background-repeat":"repeat","background-position":"center center","background-size":"auto","background-attachment":"scroll","background-type":"","background-media":"","overlay-type":"","overlay-color":"","overlay-opacity":"","overlay-gradient":""},"tablet":{"background-color":"","background-image":"","background-repeat":"repeat","background-position":"center center","background-size":"auto","background-attachment":"scroll","background-type":"","background-media":"","overlay-type":"","overlay-color":"","overlay-opacity":"","overlay-gradient":""},"mobile":{"background-color":"","background-image":"","background-repeat":"repeat","background-position":"center center","background-size":"auto","background-attachment":"scroll","background-type":"","background-media":"","overlay-type":"","overlay-color":"","overlay-opacity":"","overlay-gradient":""}},"ast-content-background-meta":{"desktop":{"background-color":"var(--ast-global-color-4)","background-image":"","background-repeat":"repeat","background-position":"center center","background-size":"auto","background-attachment":"scroll","background-type":"","background-media":"","overlay-type":"","overlay-color":"","overlay-opacity":"","overlay-gradient":""},"tablet":{"background-color":"var(--ast-global-color-4)","background-image":"","background-repeat":"repeat","background-position":"center center","background-size":"auto","background-attachment":"scroll","background-type":"","background-media":"","overlay-type":"","overlay-color":"","overlay-opacity":"","overlay-gradient":""},"mobile":{"background-color":"var(--ast-global-color-4)","background-image":"","background-repeat":"repeat","background-position":"center center","background-size":"auto","background-attachment":"scroll","background-type":"","background-media":"","overlay-type":"","overlay-color":"","overlay-opacity":"","overlay-gradient":""}},"footnotes":""},"class_list":["post-173","page","type-page","status-publish","hentry"],"_links":{"self":[{"href":"https:\/\/www.demirhanhukukvearabuluculuk.com\/index.php?rest_route=\/wp\/v2\/pages\/173","targetHints":{"allow":["GET"]}}],"collection":[{"href":"https:\/\/www.demirhanhukukvearabuluculuk.com\/index.php?rest_route=\/wp\/v2\/pages"}],"about":[{"href":"https:\/\/www.demirhanhukukvearabuluculuk.com\/index.php?rest_route=\/wp\/v2\/types\/page"}],"author":[{"embeddable":true,"href":"https:\/\/www.demirhanhukukvearabuluculuk.com\/index.php?rest_route=\/wp\/v2\/users\/1"}],"replies":[{"embeddable":true,"href":"https:\/\/www.demirhanhukukvearabuluculuk.com\/index.php?rest_route=%2Fwp%2Fv2%2Fcomments&post=173"}],"version-history":[{"count":14,"href":"https:\/\/www.demirhanhukukvearabuluculuk.com\/index.php?rest_route=\/wp\/v2\/pages\/173\/revisions"}],"predecessor-version":[{"id":483,"href":"https:\/\/www.demirhanhukukvearabuluculuk.com\/index.php?rest_route=\/wp\/v2\/pages\/173\/revisions\/483"}],"wp:attachment":[{"href":"https:\/\/www.demirhanhukukvearabuluculuk.com\/index.php?rest_route=%2Fwp%2Fv2%2Fmedia&parent=173"}],"curies":[{"name":"wp","href":"https:\/\/api.w.org\/{rel}","templated":true}]}}